{"id":1188,"date":"2021-04-02T05:25:58","date_gmt":"2021-04-02T09:25:58","guid":{"rendered":"https:\/\/www.wework.com\/fr-CA\/ideas\/ideas-by-wework-new"},"modified":"2024-01-31T14:18:56","modified_gmt":"2024-01-31T19:18:56","slug":"ideas-by-wework-new","status":"publish","type":"page","link":"https:\/\/www.wework.com\/fr-CA\/ideas\/","title":{"rendered":"Ideas by Wework New"},"content":{"rendered":"","protected":false},"excerpt":{"rendered":"","protected":false},"author":1792,"featured_media":0,"parent":0,"menu_order":0,"comment_status":"closed","ping_status":"closed","template":"template-ideas.blade.php","meta":{"_acf_changed":false,"footnotes":""},"class_list":["post-1188","page","type-page","status-publish","hentry"],"acf":[],"yoast_head":"<!-- This site is optimized with the Yoast SEO Premium plugin v22.4 (Yoast SEO v25.3.1) - https:\/\/yoast.com\/wordpress\/plugins\/seo\/ -->\n<title>Id\u00e9es de WeWork : Perspectives et tendances en milieu de travail | WeWork<\/title>\n<meta name=\"description\" content=\"La section Id\u00e9es de WeWork pr\u00e9sente les derni\u00e8res tendances et perspectives en milieu de travail concernant la productivit\u00e9, la consolidation d\u2019\u00e9quipe, la technologie et la r\u00e9ussite en affaires. Trouvez ce qu\u2019il vous faut pour vous cr\u00e9er une vie, pas seulement une carri\u00e8re.\" \/>\n<meta name=\"robots\" content=\"index, follow, max-snippet:-1, max-image-preview:large, max-video-preview:-1\" \/>\n<link rel=\"canonical\" href=\"https:\/\/www.wework.com\/fr-CA\/ideas\" \/>\n<meta property=\"og:locale\" content=\"fr_CA\" \/>\n<meta property=\"og:type\" content=\"article\" \/>\n<meta property=\"og:title\" content=\"Ideas by Wework New\" \/>\n<meta property=\"og:description\" content=\"La section Id\u00e9es de WeWork pr\u00e9sente les derni\u00e8res tendances et perspectives en milieu de travail concernant la productivit\u00e9, la consolidation d\u2019\u00e9quipe, la technologie et la r\u00e9ussite en affaires. Trouvez ce qu\u2019il vous faut pour vous cr\u00e9er une vie, pas seulement une carri\u00e8re.\" \/>\n<meta property=\"og:url\" content=\"https:\/\/www.wework.com\/fr-CA\/ideas\/\" \/>\n<meta property=\"og:site_name\" content=\"Ideas (fr-CA)\" \/>\n<meta property=\"article:modified_time\" content=\"2024-01-31T19:18:56+00:00\" \/>\n<meta name=\"twitter:card\" content=\"summary_large_image\" \/>\n<script type=\"application\/ld+json\" class=\"yoast-schema-graph\">{\"@context\":\"https:\/\/schema.org\",\"@graph\":[{\"@type\":\"WebPage\",\"@id\":\"https:\/\/www.wework.com\/fr-CA\/ideas\/\",\"url\":\"https:\/\/www.wework.com\/fr-CA\/ideas\/\",\"name\":\"Id\u00e9es de WeWork : Perspectives et tendances en milieu de travail | WeWork\",\"isPartOf\":{\"@id\":\"https:\/\/www.wework.com\/fr-CA\/ideas\/#website\"},\"datePublished\":\"2021-04-02T09:25:58+00:00\",\"dateModified\":\"2024-01-31T19:18:56+00:00\",\"description\":\"La section Id\u00e9es de WeWork pr\u00e9sente les derni\u00e8res tendances et perspectives en milieu de travail concernant la productivit\u00e9, la consolidation d\u2019\u00e9quipe, la technologie et la r\u00e9ussite en affaires. Trouvez ce qu\u2019il vous faut pour vous cr\u00e9er une vie, pas seulement une carri\u00e8re.\",\"breadcrumb\":{\"@id\":\"https:\/\/www.wework.com\/fr-CA\/ideas\/#breadcrumb\"},\"inLanguage\":\"fr-CA\",\"potentialAction\":[{\"@type\":\"ReadAction\",\"target\":[\"https:\/\/www.wework.com\/fr-CA\/ideas\/\"]}]},{\"@type\":\"BreadcrumbList\",\"@id\":\"https:\/\/www.wework.com\/fr-CA\/ideas\/#breadcrumb\",\"itemListElement\":[{\"@type\":\"ListItem\",\"position\":1,\"name\":\"Home\",\"item\":\"\/fr-CA\/ideas\"},{\"@type\":\"ListItem\",\"position\":2,\"name\":\"Ideas by Wework New\"}]},{\"@type\":\"WebSite\",\"@id\":\"https:\/\/www.wework.com\/fr-CA\/ideas\/#website\",\"url\":\"https:\/\/www.wework.com\/fr-CA\/ideas\/\",\"name\":\"Ideas (fr-CA)\",\"description\":\"\",\"potentialAction\":[{\"@type\":\"SearchAction\",\"target\":{\"@type\":\"EntryPoint\",\"urlTemplate\":\"https:\/\/www.wework.com\/fr-CA\/ideas\/?s={search_term_string}\"},\"query-input\":{\"@type\":\"PropertyValueSpecification\",\"valueRequired\":true,\"valueName\":\"search_term_string\"}}],\"inLanguage\":\"fr-CA\"}]}<\/script>\n<!-- \/ Yoast SEO Premium plugin. -->","yoast_head_json":{"title":"Id\u00e9es de WeWork : Perspectives et tendances en milieu de travail | WeWork","description":"La section Id\u00e9es de WeWork pr\u00e9sente les derni\u00e8res tendances et perspectives en milieu de travail concernant la productivit\u00e9, la consolidation d\u2019\u00e9quipe, la technologie et la r\u00e9ussite en affaires. Trouvez ce qu\u2019il vous faut pour vous cr\u00e9er une vie, pas seulement une carri\u00e8re.","robots":{"index":"index","follow":"follow","max-snippet":"max-snippet:-1","max-image-preview":"max-image-preview:large","max-video-preview":"max-video-preview:-1"},"canonical":"https:\/\/www.wework.com\/fr-CA\/ideas","og_locale":"fr_CA","og_type":"article","og_title":"Ideas by Wework New","og_description":"La section Id\u00e9es de WeWork pr\u00e9sente les derni\u00e8res tendances et perspectives en milieu de travail concernant la productivit\u00e9, la consolidation d\u2019\u00e9quipe, la technologie et la r\u00e9ussite en affaires. Trouvez ce qu\u2019il vous faut pour vous cr\u00e9er une vie, pas seulement une carri\u00e8re.","og_url":"https:\/\/www.wework.com\/fr-CA\/ideas\/","og_site_name":"Ideas (fr-CA)","article_modified_time":"2024-01-31T19:18:56+00:00","twitter_card":"summary_large_image","schema":{"@context":"https:\/\/schema.org","@graph":[{"@type":"WebPage","@id":"https:\/\/www.wework.com\/fr-CA\/ideas\/","url":"https:\/\/www.wework.com\/fr-CA\/ideas\/","name":"Id\u00e9es de WeWork : Perspectives et tendances en milieu de travail | WeWork","isPartOf":{"@id":"https:\/\/www.wework.com\/fr-CA\/ideas\/#website"},"datePublished":"2021-04-02T09:25:58+00:00","dateModified":"2024-01-31T19:18:56+00:00","description":"La section Id\u00e9es de WeWork pr\u00e9sente les derni\u00e8res tendances et perspectives en milieu de travail concernant la productivit\u00e9, la consolidation d\u2019\u00e9quipe, la technologie et la r\u00e9ussite en affaires. Trouvez ce qu\u2019il vous faut pour vous cr\u00e9er une vie, pas seulement une carri\u00e8re.","breadcrumb":{"@id":"https:\/\/www.wework.com\/fr-CA\/ideas\/#breadcrumb"},"inLanguage":"fr-CA","potentialAction":[{"@type":"ReadAction","target":["https:\/\/www.wework.com\/fr-CA\/ideas\/"]}]},{"@type":"BreadcrumbList","@id":"https:\/\/www.wework.com\/fr-CA\/ideas\/#breadcrumb","itemListElement":[{"@type":"ListItem","position":1,"name":"Home","item":"\/fr-CA\/ideas"},{"@type":"ListItem","position":2,"name":"Ideas by Wework New"}]},{"@type":"WebSite","@id":"https:\/\/www.wework.com\/fr-CA\/ideas\/#website","url":"https:\/\/www.wework.com\/fr-CA\/ideas\/","name":"Ideas (fr-CA)","description":"","potentialAction":[{"@type":"SearchAction","target":{"@type":"EntryPoint","urlTemplate":"https:\/\/www.wework.com\/fr-CA\/ideas\/?s={search_term_string}"},"query-input":{"@type":"PropertyValueSpecification","valueRequired":true,"valueName":"search_term_string"}}],"inLanguage":"fr-CA"}]}},"jetpack_sharing_enabled":true,"_links":{"self":[{"href":"https:\/\/www.wework.com\/fr-CA\/ideas\/wp-json\/wp\/v2\/pages\/1188","targetHints":{"allow":["GET"]}}],"collection":[{"href":"https:\/\/www.wework.com\/fr-CA\/ideas\/wp-json\/wp\/v2\/pages"}],"about":[{"href":"https:\/\/www.wework.com\/fr-CA\/ideas\/wp-json\/wp\/v2\/types\/page"}],"author":[{"embeddable":true,"href":"https:\/\/www.wework.com\/fr-CA\/ideas\/wp-json\/wp\/v2\/users\/1792"}],"replies":[{"embeddable":true,"href":"https:\/\/www.wework.com\/fr-CA\/ideas\/wp-json\/wp\/v2\/comments?post=1188"}],"version-history":[{"count":31,"href":"https:\/\/www.wework.com\/fr-CA\/ideas\/wp-json\/wp\/v2\/pages\/1188\/revisions"}],"predecessor-version":[{"id":3321,"href":"https:\/\/www.wework.com\/fr-CA\/ideas\/wp-json\/wp\/v2\/pages\/1188\/revisions\/3321"}],"wp:attachment":[{"href":"https:\/\/www.wework.com\/fr-CA\/ideas\/wp-json\/wp\/v2\/media?parent=1188"}],"curies":[{"name":"wp","href":"https:\/\/api.w.org\/{rel}","templated":true}]}}