{"id":12,"date":"2024-12-23T10:21:34","date_gmt":"2024-12-23T10:21:34","guid":{"rendered":"https:\/\/www.wework.com\/es-LA\/gifts\/?page_id=12"},"modified":"2025-02-10T11:23:11","modified_gmt":"2025-02-10T11:23:11","slug":"about-made-at-wework","status":"publish","type":"page","link":"https:\/\/www.wework.com\/es-LA\/made-at-wework\/about-made-at-wework\/","title":{"rendered":"Acerca de Made at WeWork"},"content":{"rendered":"\n<p><a href=\"https:\/\/www.wework.com\/es-LA\/gifts\/about-made-at-wework-gutenberg\/\" target=\"_blank\" rel=\"noreferrer noopener\" href=\"https:\/\/www.wework.com\/es-LA\/gifts\/about-made-at-wework-gutenberg\/\"><\/a><\/p>\n\n\n\n<div class=\"wp-block-group cmw-Y25 cmw-about-made-at-we-work\"><div class=\"wp-block-group__inner-container is-layout-constrained wp-block-group-is-layout-constrained\">\n<div class=\"wp-block-group cmw-feature-hero-image\"><div class=\"wp-block-group__inner-container is-layout-constrained wp-block-group-is-layout-constrained\">\n<div class=\"wp-block-cover\" style=\"min-height:500px;aspect-ratio:unset;\"><span aria-hidden=\"true\" class=\"wp-block-cover__background has-fl-heading-text-background-color has-background-dim-0 has-background-dim\"><\/span><img decoding=\"async\" class=\"wp-block-cover__image-background wp-image-1063\" alt=\"\" src=\"https:\/\/www.wework.com\/gifts\/wp-content\/uploads\/sites\/42\/2025\/01\/MAWW-LP_Header_About-Page-1-1.jpg\" data-object-fit=\"cover\"\/><div class=\"wp-block-cover__inner-container is-layout-constrained wp-block-cover-is-layout-constrained\">\n<p class=\"has-text-align-center has-large-font-size\"><\/p>\n<\/div><\/div>\n<\/div><\/div>\n\n\n\n<div class=\"wp-block-group cmw-about-made-at-we-work-content\"><div class=\"wp-block-group__inner-container is-layout-constrained wp-block-group-is-layout-constrained\">\n<h2 class=\"wp-block-heading has-text-align-center cmw-Y25 cmw-margin-top-40 cmw-margin-bottom-40\" id=\"h-meet-our-community-of-members\">Conoce a los miembros de nuestra comunidad<\/h2>\n\n\n\n<p class=\"has-text-align-center\">Made at WeWork destaca solo algunas de las m\u00e1s de 30\u00a0000 empresas que llaman a WeWork su hogar. Estamos muy orgullosos de nuestra comunidad din\u00e1mica en todo el mundo y nos complace presentarles la labor de nuestros miembros y los equipos que los integran. Sea revolucionando el futuro de las pr\u00f3tesis, combinando la diversi\u00f3n y la funcionalidad en el dise\u00f1o, creando soluciones m\u00e9dicas org\u00e1nicas o llevando sabores caseros a cocinas de todas partes&#8230; Sus negocios, la innovaci\u00f3n, la creatividad y el crecimiento: todo es producto Made at WeWork.<\/p>\n\n\n\n<figure class=\"wp-block-embed is-type-video is-provider-youtube wp-block-embed-youtube cmw-margin-bottom-50 cmw-margin-top-50 wp-embed-aspect-16-9 wp-has-aspect-ratio\"><div class=\"wp-block-embed__wrapper\">\n<iframe loading=\"lazy\" title=\"Made at WeWork: conoce a nuestros miembros\" width=\"500\" height=\"281\" src=\"https:\/\/www.youtube.com\/embed\/uTclZvP-Cv0?feature=oembed\" frameborder=\"0\" allow=\"accelerometer; autoplay; clipboard-write; encrypted-media; gyroscope; picture-in-picture; web-share\" referrerpolicy=\"strict-origin-when-cross-origin\" allowfullscreen><\/iframe>\n<\/div><\/figure>\n<\/div><\/div>\n<\/div><\/div>\n","protected":false},"excerpt":{"rendered":"<p>Conoce a los miembros de nuestra comunidad Made at WeWork destaca solo algunas de las m\u00e1s de 30\u00a0000 empresas que llaman a WeWork su hogar. Estamos muy orgullosos de nuestra comunidad din\u00e1mica en todo el mundo y nos complace presentarles la labor de nuestros miembros y los equipos que los integran. Sea revolucionando el futuro [&hellip;]<\/p>\n","protected":false},"author":2280,"featured_media":0,"parent":0,"menu_order":0,"comment_status":"closed","ping_status":"closed","template":"","meta":{"_acf_changed":false,"footnotes":""},"class_list":["post-12","page","type-page","status-publish","hentry"],"acf":[],"yoast_head":"<!-- This site is optimized with the Yoast SEO Premium plugin v22.4 (Yoast SEO v25.3.1) - https:\/\/yoast.com\/wordpress\/plugins\/seo\/ -->\n<title>Acerca de Made at WeWork - Made at WeWork (es-LA)<\/title>\n<meta name=\"robots\" content=\"noindex, nofollow\" \/>\n<meta property=\"og:locale\" content=\"es_ES\" \/>\n<meta property=\"og:type\" content=\"article\" \/>\n<meta property=\"og:title\" content=\"Acerca de Made at WeWork\" \/>\n<meta property=\"og:description\" content=\"Conoce a los miembros de nuestra comunidad Made at WeWork destaca solo algunas de las m\u00e1s de 30\u00a0000 empresas que llaman a WeWork su hogar. Estamos muy orgullosos de nuestra comunidad din\u00e1mica en todo el mundo y nos complace presentarles la labor de nuestros miembros y los equipos que los integran. Sea revolucionando el futuro [&hellip;]\" \/>\n<meta property=\"og:url\" content=\"https:\/\/www.wework.com\/es-LA\/made-at-wework\/about-made-at-wework\/\" \/>\n<meta property=\"og:site_name\" content=\"Made at WeWork (es-LA)\" \/>\n<meta property=\"article:modified_time\" content=\"2025-02-10T11:23:11+00:00\" \/>\n<meta property=\"og:image\" content=\"https:\/\/www.wework.com\/gifts\/wp-content\/uploads\/sites\/42\/2025\/01\/MAWW-LP_Header_About-Page-1-1.jpg\" \/>\n<meta name=\"twitter:card\" content=\"summary_large_image\" \/>\n<meta name=\"twitter:label1\" content=\"Tiempo de lectura\" \/>\n\t<meta name=\"twitter:data1\" content=\"1 minuto\" \/>\n<script type=\"application\/ld+json\" class=\"yoast-schema-graph\">{\"@context\":\"https:\/\/schema.org\",\"@graph\":[{\"@type\":\"WebPage\",\"@id\":\"https:\/\/www.wework.com\/es-LA\/made-at-wework\/about-made-at-wework\/\",\"url\":\"https:\/\/www.wework.com\/es-LA\/made-at-wework\/about-made-at-wework\/\",\"name\":\"Acerca de Made at WeWork - Made at WeWork (es-LA)\",\"isPartOf\":{\"@id\":\"https:\/\/www.wework.com\/es-LA\/made-at-wework\/#website\"},\"primaryImageOfPage\":{\"@id\":\"https:\/\/www.wework.com\/es-LA\/made-at-wework\/about-made-at-wework\/#primaryimage\"},\"image\":{\"@id\":\"https:\/\/www.wework.com\/es-LA\/made-at-wework\/about-made-at-wework\/#primaryimage\"},\"thumbnailUrl\":\"https:\/\/www.wework.com\/gifts\/wp-content\/uploads\/sites\/42\/2025\/01\/MAWW-LP_Header_About-Page-1-1.jpg\",\"datePublished\":\"2024-12-23T10:21:34+00:00\",\"dateModified\":\"2025-02-10T11:23:11+00:00\",\"breadcrumb\":{\"@id\":\"https:\/\/www.wework.com\/es-LA\/made-at-wework\/about-made-at-wework\/#breadcrumb\"},\"inLanguage\":\"es\",\"potentialAction\":[{\"@type\":\"ReadAction\",\"target\":[\"https:\/\/www.wework.com\/es-LA\/made-at-wework\/about-made-at-wework\/\"]}]},{\"@type\":\"ImageObject\",\"inLanguage\":\"es\",\"@id\":\"https:\/\/www.wework.com\/es-LA\/made-at-wework\/about-made-at-wework\/#primaryimage\",\"url\":\"https:\/\/www.wework.com\/gifts\/wp-content\/uploads\/sites\/42\/2025\/01\/MAWW-LP_Header_About-Page-1-1.jpg\",\"contentUrl\":\"https:\/\/www.wework.com\/gifts\/wp-content\/uploads\/sites\/42\/2025\/01\/MAWW-LP_Header_About-Page-1-1.jpg\"},{\"@type\":\"BreadcrumbList\",\"@id\":\"https:\/\/www.wework.com\/es-LA\/made-at-wework\/about-made-at-wework\/#breadcrumb\",\"itemListElement\":[{\"@type\":\"ListItem\",\"position\":1,\"name\":\"Home\",\"item\":\"\/es-LA\/made-at-wework\"},{\"@type\":\"ListItem\",\"position\":2,\"name\":\"Acerca de Made at WeWork\"}]},{\"@type\":\"WebSite\",\"@id\":\"https:\/\/www.wework.com\/es-LA\/made-at-wework\/#website\",\"url\":\"https:\/\/www.wework.com\/es-LA\/made-at-wework\/\",\"name\":\"Made at WeWork (es-LA)\",\"description\":\"\",\"potentialAction\":[{\"@type\":\"SearchAction\",\"target\":{\"@type\":\"EntryPoint\",\"urlTemplate\":\"https:\/\/www.wework.com\/es-LA\/made-at-wework\/?s={search_term_string}\"},\"query-input\":{\"@type\":\"PropertyValueSpecification\",\"valueRequired\":true,\"valueName\":\"search_term_string\"}}],\"inLanguage\":\"es\"}]}<\/script>\n<!-- \/ Yoast SEO Premium plugin. -->","yoast_head_json":{"title":"Acerca de Made at WeWork - Made at WeWork (es-LA)","robots":{"index":"noindex","follow":"nofollow"},"og_locale":"es_ES","og_type":"article","og_title":"Acerca de Made at WeWork","og_description":"Conoce a los miembros de nuestra comunidad Made at WeWork destaca solo algunas de las m\u00e1s de 30\u00a0000 empresas que llaman a WeWork su hogar. Estamos muy orgullosos de nuestra comunidad din\u00e1mica en todo el mundo y nos complace presentarles la labor de nuestros miembros y los equipos que los integran. Sea revolucionando el futuro [&hellip;]","og_url":"https:\/\/www.wework.com\/es-LA\/made-at-wework\/about-made-at-wework\/","og_site_name":"Made at WeWork (es-LA)","article_modified_time":"2025-02-10T11:23:11+00:00","og_image":[{"url":"https:\/\/www.wework.com\/gifts\/wp-content\/uploads\/sites\/42\/2025\/01\/MAWW-LP_Header_About-Page-1-1.jpg","type":"","width":"","height":""}],"twitter_card":"summary_large_image","twitter_misc":{"Tiempo de lectura":"1 minuto"},"schema":{"@context":"https:\/\/schema.org","@graph":[{"@type":"WebPage","@id":"https:\/\/www.wework.com\/es-LA\/made-at-wework\/about-made-at-wework\/","url":"https:\/\/www.wework.com\/es-LA\/made-at-wework\/about-made-at-wework\/","name":"Acerca de Made at WeWork - Made at WeWork (es-LA)","isPartOf":{"@id":"https:\/\/www.wework.com\/es-LA\/made-at-wework\/#website"},"primaryImageOfPage":{"@id":"https:\/\/www.wework.com\/es-LA\/made-at-wework\/about-made-at-wework\/#primaryimage"},"image":{"@id":"https:\/\/www.wework.com\/es-LA\/made-at-wework\/about-made-at-wework\/#primaryimage"},"thumbnailUrl":"https:\/\/www.wework.com\/gifts\/wp-content\/uploads\/sites\/42\/2025\/01\/MAWW-LP_Header_About-Page-1-1.jpg","datePublished":"2024-12-23T10:21:34+00:00","dateModified":"2025-02-10T11:23:11+00:00","breadcrumb":{"@id":"https:\/\/www.wework.com\/es-LA\/made-at-wework\/about-made-at-wework\/#breadcrumb"},"inLanguage":"es","potentialAction":[{"@type":"ReadAction","target":["https:\/\/www.wework.com\/es-LA\/made-at-wework\/about-made-at-wework\/"]}]},{"@type":"ImageObject","inLanguage":"es","@id":"https:\/\/www.wework.com\/es-LA\/made-at-wework\/about-made-at-wework\/#primaryimage","url":"https:\/\/www.wework.com\/gifts\/wp-content\/uploads\/sites\/42\/2025\/01\/MAWW-LP_Header_About-Page-1-1.jpg","contentUrl":"https:\/\/www.wework.com\/gifts\/wp-content\/uploads\/sites\/42\/2025\/01\/MAWW-LP_Header_About-Page-1-1.jpg"},{"@type":"BreadcrumbList","@id":"https:\/\/www.wework.com\/es-LA\/made-at-wework\/about-made-at-wework\/#breadcrumb","itemListElement":[{"@type":"ListItem","position":1,"name":"Home","item":"\/es-LA\/made-at-wework"},{"@type":"ListItem","position":2,"name":"Acerca de Made at WeWork"}]},{"@type":"WebSite","@id":"https:\/\/www.wework.com\/es-LA\/made-at-wework\/#website","url":"https:\/\/www.wework.com\/es-LA\/made-at-wework\/","name":"Made at WeWork (es-LA)","description":"","potentialAction":[{"@type":"SearchAction","target":{"@type":"EntryPoint","urlTemplate":"https:\/\/www.wework.com\/es-LA\/made-at-wework\/?s={search_term_string}"},"query-input":{"@type":"PropertyValueSpecification","valueRequired":true,"valueName":"search_term_string"}}],"inLanguage":"es"}]}},"_links":{"self":[{"href":"https:\/\/www.wework.com\/es-LA\/made-at-wework\/wp-json\/wp\/v2\/pages\/12","targetHints":{"allow":["GET"]}}],"collection":[{"href":"https:\/\/www.wework.com\/es-LA\/made-at-wework\/wp-json\/wp\/v2\/pages"}],"about":[{"href":"https:\/\/www.wework.com\/es-LA\/made-at-wework\/wp-json\/wp\/v2\/types\/page"}],"author":[{"embeddable":true,"href":"https:\/\/www.wework.com\/es-LA\/made-at-wework\/wp-json\/wp\/v2\/users\/2280"}],"replies":[{"embeddable":true,"href":"https:\/\/www.wework.com\/es-LA\/made-at-wework\/wp-json\/wp\/v2\/comments?post=12"}],"version-history":[{"count":1,"href":"https:\/\/www.wework.com\/es-LA\/made-at-wework\/wp-json\/wp\/v2\/pages\/12\/revisions"}],"predecessor-version":[{"id":32,"href":"https:\/\/www.wework.com\/es-LA\/made-at-wework\/wp-json\/wp\/v2\/pages\/12\/revisions\/32"}],"wp:attachment":[{"href":"https:\/\/www.wework.com\/es-LA\/made-at-wework\/wp-json\/wp\/v2\/media?parent=12"}],"curies":[{"name":"wp","href":"https:\/\/api.w.org\/{rel}","templated":true}]}}